{"id":61,"date":"2020-02-06T08:54:56","date_gmt":"2020-02-06T08:54:56","guid":{"rendered":"https:\/\/litho.themezaa.com\/?page_id=61"},"modified":"2024-09-04T07:29:41","modified_gmt":"2024-09-04T04:29:41","slug":"home-vertical-portfolio","status":"publish","type":"page","link":"https:\/\/furniturehelp.lt\/lt\/","title":{"rendered":"Furniture help"},"content":{"rendered":"<div data-elementor-type=\"wp-page\" data-elementor-id=\"61\" class=\"elementor elementor-61\">\n\t\t\t\t\t\t\t\t\t<section class=\"elementor-section elementor-top-section elementor-element elementor-element-a11da06 elementor-section-full_width elementor-section-height-default elementor-section-height-default\" data-id=\"a11da06\" data-element_type=\"section\">\n\t\t\t\t\t\t<div class=\"elementor-container elementor-column-gap-default\">\n\t\t\t\t\t<div class=\"elementor-column elementor-col-100 elementor-top-column elementor-element elementor-element-24d2bbc\" data-fullscreen-column-settings=\"{&quot;fullscreen&quot;:&quot;&quot;}\" data-id=\"24d2bbc\" data-element_type=\"column\">\n\t\t\t<div class=\"elementor-widget-wrap elementor-element-populated\">\n\t\t\t\t\t\t\t\t<div class=\"elementor-element elementor-element-92251df elementor-pagination-position-outside elementor-widget elementor-widget-litho-slider\" data-id=\"92251df\" data-element_type=\"widget\" data-settings=\"{&quot;litho_carousel_slide_styles&quot;:&quot;slider-style-4&quot;}\" data-widget_type=\"litho-slider.default\">\n\t\t\t\t<div class=\"elementor-widget-container\">\n\t\t\t\t\t\t<div class=\"slider-vertical elementor-image-carousel-wrapper swiper-container swiper-container-initialized full-screen-slide slider-style-4 white-cursor\" data-settings=\"{&quot;navigation&quot;:&quot;dots&quot;,&quot;autoplay&quot;:&quot;yes&quot;,&quot;autoplay_speed&quot;:5000,&quot;pause_on_hover&quot;:&quot;&quot;,&quot;loop&quot;:&quot;yes&quot;,&quot;effect&quot;:&quot;slide&quot;,&quot;speed&quot;:500,&quot;mousewheel&quot;:&quot;yes&quot;,&quot;slide-total&quot;:3,&quot;direction&quot;:&quot;horizontal&quot;,&quot;litho_direction_mobile&quot;:&quot;&quot;}\">\n\t\t\t\t<div class=\"elementor-image-carousel swiper-wrapper\">\n\t\t\t\t\t\t\t\t\t\t\t<div class=\"elementor-repeater-item-49a6da6 swiper-slide cover-background\">\n\t\t\t\t\t\t\t<div class=\"bg-overlay\"><\/div>\n\t\t\t\t\t\t\t<div class=\"slider-text-middle-main\">\n\t\t\t\t\t\t\t\t\t\t\t\t\t\t\t\t<div class=\"slide-title-wrapper\">\n\t\t\t\t\t\t\t\t\t\t\t\t\t\t\t\t\t\t<h1 class=\"title\">Mes kuriame namus<\/h1>\n\t\t\t\t\t\t\t\t\t\t\t\t\t\t\t\t\t<\/div>\n\t\t\t\t\t\t\t\t\t\t\t\t\t\t\t\t\t<div class=\"elementor-button-wrapper litho-button-wrapper\">\n\t\t\t\t\t\t\t\t\t\t<a href=\"https:\/\/furniturehelp.lt\/lt\/projects\/\" class=\"elementor-button-link elementor-button elementor-size-xs\" role=\"button\">Per\u017ei\u016br\u0117ti m\u016bs\u0173 darbus<\/a>\n\t\t\t\t\t\t\t\t\t<\/div>\n\t\t\t\t\t\t\t\t\t\t\t\t\t\t\t\t<\/div>\n\t\t\t\t\t\t<\/div>\n\t\t\t\t\t\t\t\t\t\t\t\t<div class=\"elementor-repeater-item-f329c42 swiper-slide cover-background\">\n\t\t\t\t\t\t\t<div class=\"bg-overlay\"><\/div>\n\t\t\t\t\t\t\t<div class=\"slider-text-middle-main\">\n\t\t\t\t\t\t\t\t\t\t\t\t\t\t\t\t<div class=\"slide-title-wrapper\">\n\t\t\t\t\t\t\t\t\t\t\t\t\t\t\t\t\t\t<h1 class=\"title\">\u017dmon\u0117ms ir Verslui<\/h1>\n\t\t\t\t\t\t\t\t\t\t\t\t\t\t\t\t\t<\/div>\n\t\t\t\t\t\t\t\t\t\t\t\t\t\t\t\t\t<div class=\"elementor-button-wrapper litho-button-wrapper\">\n\t\t\t\t\t\t\t\t\t\t<a href=\"https:\/\/furniturehelp.lt\/lt\/about-us\/\" class=\"elementor-button-link elementor-button elementor-size-xs\" role=\"button\">Apie<\/a>\n\t\t\t\t\t\t\t\t\t<\/div>\n\t\t\t\t\t\t\t\t\t\t\t\t\t\t\t\t<\/div>\n\t\t\t\t\t\t<\/div>\n\t\t\t\t\t\t\t\t\t\t\t\t<div class=\"elementor-repeater-item-3d77bb6 swiper-slide cover-background\">\n\t\t\t\t\t\t\t<div class=\"bg-overlay\"><\/div>\n\t\t\t\t\t\t\t<div class=\"slider-text-middle-main\">\n\t\t\t\t\t\t\t\t\t\t\t\t\t\t\t\t<div class=\"slide-title-wrapper\">\n\t\t\t\t\t\t\t\t\t\t\t\t\t\t\t\t\t\t<h1 class=\"title\">Pasikalb\u0117kim<\/h1>\n\t\t\t\t\t\t\t\t\t\t\t\t\t\t\t\t\t<\/div>\n\t\t\t\t\t\t\t\t\t\t\t\t\t\t\t\t\t<div class=\"elementor-button-wrapper litho-button-wrapper\">\n\t\t\t\t\t\t\t\t\t\t<a href=\"https:\/\/furniturehelp.lt\/lt\/contacts\/\" class=\"elementor-button-link elementor-button elementor-size-xs\" role=\"button\">Kontaktai<\/a>\n\t\t\t\t\t\t\t\t\t<\/div>\n\t\t\t\t\t\t\t\t\t\t\t\t\t\t\t\t<\/div>\n\t\t\t\t\t\t<\/div>\n\t\t\t\t\t\t\t\t\t\t<\/div>\n\t\t\t\t\t\t\t\t\t\t\t\t\t\t\t<div class=\"swiper-pagination swiper-vertical-pagination\"><\/div>\n\t\t\t\t\t\t\t\t\t\t\t\t\t\t\n\t\t\t\t\t\t\t<\/div>\n\t\t\t\t<\/div>\n\t\t\t\t<\/div>\n\t\t\t\t\t<\/div>\n\t\t<\/div>\n\t\t\t\t\t\t\t<\/div>\n\t\t<\/section>\n\t\t\t\t\t\t\t<\/div>","protected":false},"excerpt":{"rendered":"<p>We create homes View our projects For People &amp; Companies About us Let&#039;s talk Contact us<\/p>","protected":false},"author":1,"featured_media":0,"parent":0,"menu_order":249,"comment_status":"closed","ping_status":"closed","template":"","meta":{"footnotes":""},"class_list":["post-61","page","type-page","status-publish","hentry"],"yoast_head":"<!-- This site is optimized with the Yoast SEO plugin v20.2.1 - https:\/\/yoast.com\/wordpress\/plugins\/seo\/ -->\n<title>Furniture solutions - Furniturehelp.lt<\/title>\n<meta name=\"description\" content=\"Furniture manufacturing and project management for offices, restaurants, hotels, private homes, and apartments.\" \/>\n<meta name=\"robots\" content=\"index, follow, max-snippet:-1, max-image-preview:large, max-video-preview:-1\" \/>\n<link rel=\"canonical\" href=\"https:\/\/furniturehelp.lt\/lt\/\" \/>\n<meta property=\"og:locale\" content=\"lt_LT\" \/>\n<meta property=\"og:type\" content=\"article\" \/>\n<meta property=\"og:title\" content=\"Furniture solutions - Furniturehelp.lt\" \/>\n<meta property=\"og:description\" content=\"Furniture manufacturing and project management for offices, restaurants, hotels, private homes, and apartments.\" \/>\n<meta property=\"og:url\" content=\"https:\/\/furniturehelp.lt\/lt\/\" \/>\n<meta property=\"og:site_name\" content=\"Furniturehelp.lt\" \/>\n<meta property=\"article:publisher\" content=\"https:\/\/www.facebook.com\/furniturehelp.lt\" \/>\n<meta property=\"article:modified_time\" content=\"2024-09-04T04:29:41+00:00\" \/>\n<meta property=\"og:image\" content=\"https:\/\/furniturehelp.lt\/wp-content\/uploads\/Furniture-Help-2.jpg\" \/>\n\t<meta property=\"og:image:width\" content=\"2064\" \/>\n\t<meta property=\"og:image:height\" content=\"1378\" \/>\n\t<meta property=\"og:image:type\" content=\"image\/jpeg\" \/>\n<meta name=\"twitter:card\" content=\"summary_large_image\" \/>\n<meta name=\"twitter:label1\" content=\"Est. reading time\" \/>\n\t<meta name=\"twitter:data1\" content=\"1 minut\u0117\" \/>\n<script type=\"application\/ld+json\" class=\"yoast-schema-graph\">{\"@context\":\"https:\/\/schema.org\",\"@graph\":[{\"@type\":\"WebPage\",\"@id\":\"https:\/\/furniturehelp.lt\/lt\/\",\"url\":\"https:\/\/furniturehelp.lt\/lt\/\",\"name\":\"Furniture solutions - Furniturehelp.lt\",\"isPartOf\":{\"@id\":\"https:\/\/furniturehelp.lt\/#website\"},\"datePublished\":\"2020-02-06T08:54:56+00:00\",\"dateModified\":\"2024-09-04T04:29:41+00:00\",\"description\":\"Furniture manufacturing and project management for offices, restaurants, hotels, private homes, and apartments.\",\"breadcrumb\":{\"@id\":\"https:\/\/furniturehelp.lt\/lt\/#breadcrumb\"},\"inLanguage\":\"lt-LT\",\"potentialAction\":[{\"@type\":\"ReadAction\",\"target\":[\"https:\/\/furniturehelp.lt\/lt\/\"]}]},{\"@type\":\"BreadcrumbList\",\"@id\":\"https:\/\/furniturehelp.lt\/lt\/#breadcrumb\",\"itemListElement\":[{\"@type\":\"ListItem\",\"position\":1,\"name\":\"Home\",\"item\":\"https:\/\/furniturehelp.lt\/lt\/\"},{\"@type\":\"ListItem\",\"position\":2,\"name\":\"Furniture help\"}]},{\"@type\":\"WebSite\",\"@id\":\"https:\/\/furniturehelp.lt\/#website\",\"url\":\"https:\/\/furniturehelp.lt\/\",\"name\":\"Furniture help\",\"description\":\"Furniture help\",\"publisher\":{\"@id\":\"https:\/\/furniturehelp.lt\/#organization\"},\"potentialAction\":[{\"@type\":\"SearchAction\",\"target\":{\"@type\":\"EntryPoint\",\"urlTemplate\":\"https:\/\/furniturehelp.lt\/?s={search_term_string}\"},\"query-input\":\"required name=search_term_string\"}],\"inLanguage\":\"lt-LT\"},{\"@type\":\"Organization\",\"@id\":\"https:\/\/furniturehelp.lt\/#organization\",\"name\":\"Furniture help\",\"url\":\"https:\/\/furniturehelp.lt\/\",\"logo\":{\"@type\":\"ImageObject\",\"inLanguage\":\"lt-LT\",\"@id\":\"https:\/\/furniturehelp.lt\/#\/schema\/logo\/image\/\",\"url\":\"https:\/\/furniturehelp.lt\/wp-content\/uploads\/Furniture-logo.svg\",\"contentUrl\":\"https:\/\/furniturehelp.lt\/wp-content\/uploads\/Furniture-logo.svg\",\"width\":449,\"height\":185,\"caption\":\"Furniture help\"},\"image\":{\"@id\":\"https:\/\/furniturehelp.lt\/#\/schema\/logo\/image\/\"},\"sameAs\":[\"https:\/\/www.facebook.com\/furniturehelp.lt\",\"https:\/\/www.instagram.com\/furniturehelp.lt\/\",\"https:\/\/www.linkedin.com\/company\/furniturehelp\/\"]}]}<\/script>\n<!-- \/ Yoast SEO plugin. -->","yoast_head_json":{"title":"Furniture solutions - Furniturehelp.lt","description":"Furniture manufacturing and project management for offices, restaurants, hotels, private homes, and apartments.","robots":{"index":"index","follow":"follow","max-snippet":"max-snippet:-1","max-image-preview":"max-image-preview:large","max-video-preview":"max-video-preview:-1"},"canonical":"https:\/\/furniturehelp.lt\/lt\/","og_locale":"lt_LT","og_type":"article","og_title":"Furniture solutions - Furniturehelp.lt","og_description":"Furniture manufacturing and project management for offices, restaurants, hotels, private homes, and apartments.","og_url":"https:\/\/furniturehelp.lt\/lt\/","og_site_name":"Furniturehelp.lt","article_publisher":"https:\/\/www.facebook.com\/furniturehelp.lt","article_modified_time":"2024-09-04T04:29:41+00:00","og_image":[{"width":2064,"height":1378,"url":"https:\/\/furniturehelp.lt\/wp-content\/uploads\/Furniture-Help-2.jpg","type":"image\/jpeg"}],"twitter_card":"summary_large_image","twitter_misc":{"Est. reading time":"1 minut\u0117"},"schema":{"@context":"https:\/\/schema.org","@graph":[{"@type":"WebPage","@id":"https:\/\/furniturehelp.lt\/lt\/","url":"https:\/\/furniturehelp.lt\/lt\/","name":"Furniture solutions - Furniturehelp.lt","isPartOf":{"@id":"https:\/\/furniturehelp.lt\/#website"},"datePublished":"2020-02-06T08:54:56+00:00","dateModified":"2024-09-04T04:29:41+00:00","description":"Furniture manufacturing and project management for offices, restaurants, hotels, private homes, and apartments.","breadcrumb":{"@id":"https:\/\/furniturehelp.lt\/lt\/#breadcrumb"},"inLanguage":"lt-LT","potentialAction":[{"@type":"ReadAction","target":["https:\/\/furniturehelp.lt\/lt\/"]}]},{"@type":"BreadcrumbList","@id":"https:\/\/furniturehelp.lt\/lt\/#breadcrumb","itemListElement":[{"@type":"ListItem","position":1,"name":"Home","item":"https:\/\/furniturehelp.lt\/lt\/"},{"@type":"ListItem","position":2,"name":"Furniture help"}]},{"@type":"WebSite","@id":"https:\/\/furniturehelp.lt\/#website","url":"https:\/\/furniturehelp.lt\/","name":"Furniture help","description":"Furniture help","publisher":{"@id":"https:\/\/furniturehelp.lt\/#organization"},"potentialAction":[{"@type":"SearchAction","target":{"@type":"EntryPoint","urlTemplate":"https:\/\/furniturehelp.lt\/?s={search_term_string}"},"query-input":"required name=search_term_string"}],"inLanguage":"lt-LT"},{"@type":"Organization","@id":"https:\/\/furniturehelp.lt\/#organization","name":"Furniture help","url":"https:\/\/furniturehelp.lt\/","logo":{"@type":"ImageObject","inLanguage":"lt-LT","@id":"https:\/\/furniturehelp.lt\/#\/schema\/logo\/image\/","url":"https:\/\/furniturehelp.lt\/wp-content\/uploads\/Furniture-logo.svg","contentUrl":"https:\/\/furniturehelp.lt\/wp-content\/uploads\/Furniture-logo.svg","width":449,"height":185,"caption":"Furniture help"},"image":{"@id":"https:\/\/furniturehelp.lt\/#\/schema\/logo\/image\/"},"sameAs":["https:\/\/www.facebook.com\/furniturehelp.lt","https:\/\/www.instagram.com\/furniturehelp.lt\/","https:\/\/www.linkedin.com\/company\/furniturehelp\/"]}]}},"_links":{"self":[{"href":"https:\/\/furniturehelp.lt\/lt\/wp-json\/wp\/v2\/pages\/61","targetHints":{"allow":["GET"]}}],"collection":[{"href":"https:\/\/furniturehelp.lt\/lt\/wp-json\/wp\/v2\/pages"}],"about":[{"href":"https:\/\/furniturehelp.lt\/lt\/wp-json\/wp\/v2\/types\/page"}],"author":[{"embeddable":true,"href":"https:\/\/furniturehelp.lt\/lt\/wp-json\/wp\/v2\/users\/1"}],"replies":[{"embeddable":true,"href":"https:\/\/furniturehelp.lt\/lt\/wp-json\/wp\/v2\/comments?post=61"}],"version-history":[{"count":166,"href":"https:\/\/furniturehelp.lt\/lt\/wp-json\/wp\/v2\/pages\/61\/revisions"}],"predecessor-version":[{"id":77143,"href":"https:\/\/furniturehelp.lt\/lt\/wp-json\/wp\/v2\/pages\/61\/revisions\/77143"}],"wp:attachment":[{"href":"https:\/\/furniturehelp.lt\/lt\/wp-json\/wp\/v2\/media?parent=61"}],"curies":[{"name":"wp","href":"https:\/\/api.w.org\/{rel}","templated":true}]}}