{"id":76493,"date":"2023-03-08T11:15:22","date_gmt":"2023-03-08T09:15:22","guid":{"rendered":"https:\/\/furniturehelp.lt\/?page_id=76493"},"modified":"2023-03-11T11:52:48","modified_gmt":"2023-03-11T09:52:48","slug":"contacts","status":"publish","type":"page","link":"https:\/\/furniturehelp.lt\/lt\/contacts\/","title":{"rendered":"Kontaktai"},"content":{"rendered":"<div data-elementor-type=\"wp-page\" data-elementor-id=\"76493\" class=\"elementor elementor-76493\">\n\t\t\t\t\t\t\t\t\t<section class=\"elementor-section elementor-top-section elementor-element elementor-element-6e3a266 elementor-section-boxed elementor-section-height-default elementor-section-height-default\" data-id=\"6e3a266\" data-element_type=\"section\" data-settings=\"{&quot;background_background&quot;:&quot;classic&quot;}\">\n\t\t\t\t\t\t<div class=\"elementor-container elementor-column-gap-default\">\n\t\t\t\t\t<div class=\"elementor-column elementor-col-100 elementor-top-column elementor-element elementor-element-7f65c3a\" data-fullscreen-column-settings=\"{&quot;fullscreen&quot;:&quot;&quot;}\" data-id=\"7f65c3a\" data-element_type=\"column\">\n\t\t\t<div class=\"elementor-widget-wrap elementor-element-populated\">\n\t\t\t\t\t\t\t\t<div class=\"elementor-element elementor-element-9251ec2 elementor-widget elementor-widget-heading\" data-id=\"9251ec2\" data-element_type=\"widget\" data-widget_type=\"heading.default\">\n\t\t\t\t<div class=\"elementor-widget-container\">\n\t\t\t<style>\/*! elementor - v3.8.1 - 13-11-2022 *\/\n.elementor-heading-title{padding:0;margin:0;line-height:1}.elementor-widget-heading .elementor-heading-title[class*=elementor-size-]>a{color:inherit;font-size:inherit;line-height:inherit}.elementor-widget-heading .elementor-heading-title.elementor-size-small{font-size:15px}.elementor-widget-heading .elementor-heading-title.elementor-size-medium{font-size:19px}.elementor-widget-heading .elementor-heading-title.elementor-size-large{font-size:29px}.elementor-widget-heading .elementor-heading-title.elementor-size-xl{font-size:39px}.elementor-widget-heading .elementor-heading-title.elementor-size-xxl{font-size:59px}<\/style><h1 class=\"elementor-heading-title elementor-size-default\">Kontaktai<\/h1>\t\t<\/div>\n\t\t\t\t<\/div>\n\t\t\t\t<div class=\"elementor-element elementor-element-a0905e5 animated-slow elementor-invisible elementor-widget elementor-widget-heading\" data-id=\"a0905e5\" data-element_type=\"widget\" data-settings=\"{&quot;_animation&quot;:&quot;fadeIn&quot;}\" data-widget_type=\"heading.default\">\n\t\t\t\t<div class=\"elementor-widget-container\">\n\t\t\t<h2 class=\"elementor-heading-title elementor-size-default\">Mes pasiruo\u0161\u0119 pad\u0117ti<\/h2>\t\t<\/div>\n\t\t\t\t<\/div>\n\t\t\t\t<section class=\"elementor-section elementor-inner-section elementor-element elementor-element-3df068e elementor-section-boxed elementor-section-height-default elementor-section-height-default\" data-id=\"3df068e\" data-element_type=\"section\">\n\t\t\t\t\t\t<div class=\"elementor-container elementor-column-gap-default\">\n\t\t\t\t\t<div class=\"elementor-column elementor-col-33 elementor-inner-column elementor-element elementor-element-bd9c27f\" data-fullscreen-column-settings=\"{&quot;fullscreen&quot;:&quot;&quot;}\" data-id=\"bd9c27f\" data-element_type=\"column\">\n\t\t\t<div class=\"elementor-widget-wrap elementor-element-populated\">\n\t\t\t\t\t\t\t\t<div class=\"elementor-element elementor-element-05f0061 elementor-view-default elementor-widget elementor-widget-litho-feature-box\" data-id=\"05f0061\" data-element_type=\"widget\" data-settings=\"{&quot;litho_feature_box_styles&quot;:&quot;icon-text-style-2&quot;}\" data-widget_type=\"litho-feature-box.default\">\n\t\t\t\t<div class=\"elementor-widget-container\">\n\t\t\t\t\t\t\t\t<div class=\"feature-box icon-text-style-2\">\n\t\t\t\t\t\t<div class=\"icon-text-style-wrapper\"><div class=\"elementor-icon\"><i aria-hidden=\"true\" class=\"line-icon-Business-ManWoman\"><\/i><\/div><div class=\"feature-box-content\"><span class=\"title\"><a href=\"https:\/\/rekvizitai.vz.lt\/en\/company\/furniture_help_mb\/\" target=\"_blank\" class=\"title-link\">Furniture help, Mb<\/a><\/span><\/div><div class=\"content\"><span><p><a href=\"https:\/\/rekvizitai.vz.lt\/en\/company\/furniture_help_mb\/\"><span style=\"color: #000000\">Mes pasiruo\u0161\u0119 pad\u0117ti<\/span><\/a><\/p><\/span><\/div><\/div>\n\t\t\t\t\t<\/div>\n\t\t\t\t\t\t\t<\/div>\n\t\t\t\t<\/div>\n\t\t\t\t\t<\/div>\n\t\t<\/div>\n\t\t\t\t<div class=\"elementor-column elementor-col-33 elementor-inner-column elementor-element elementor-element-65df9ae\" data-fullscreen-column-settings=\"{&quot;fullscreen&quot;:&quot;&quot;}\" data-id=\"65df9ae\" data-element_type=\"column\">\n\t\t\t<div class=\"elementor-widget-wrap elementor-element-populated\">\n\t\t\t\t\t\t\t\t<div class=\"elementor-element elementor-element-6e48a23 elementor-view-default elementor-widget elementor-widget-litho-feature-box\" data-id=\"6e48a23\" data-element_type=\"widget\" data-settings=\"{&quot;litho_feature_box_styles&quot;:&quot;icon-text-style-2&quot;}\" data-widget_type=\"litho-feature-box.default\">\n\t\t\t\t<div class=\"elementor-widget-container\">\n\t\t\t\t\t\t\t\t<div class=\"feature-box icon-text-style-2\">\n\t\t\t\t\t\t<div class=\"icon-text-style-wrapper\"><div class=\"elementor-icon\"><i aria-hidden=\"true\" class=\"line-icon-Smartphone-3\"><\/i><\/div><div class=\"feature-box-content\"><span class=\"title\"><a href=\"tel: 37066999929\" class=\"title-link\">+370 669 999 29<\/a><\/span><\/div><div class=\"content\"><span><p><span style=\"color: #000000\"><a style=\"color: #000000\" href=\"tel: 37066999929\">Paskambinkite mums!<\/a><\/span><\/p><\/span><\/div><\/div>\n\t\t\t\t\t<\/div>\n\t\t\t\t\t\t\t<\/div>\n\t\t\t\t<\/div>\n\t\t\t\t\t<\/div>\n\t\t<\/div>\n\t\t\t\t<div class=\"elementor-column elementor-col-33 elementor-inner-column elementor-element elementor-element-62bf244\" data-fullscreen-column-settings=\"{&quot;fullscreen&quot;:&quot;&quot;}\" data-id=\"62bf244\" data-element_type=\"column\">\n\t\t\t<div class=\"elementor-widget-wrap elementor-element-populated\">\n\t\t\t\t\t\t\t\t<div class=\"elementor-element elementor-element-cc264d3 elementor-view-default elementor-widget elementor-widget-litho-feature-box\" data-id=\"cc264d3\" data-element_type=\"widget\" data-settings=\"{&quot;litho_feature_box_styles&quot;:&quot;icon-text-style-2&quot;}\" data-widget_type=\"litho-feature-box.default\">\n\t\t\t\t<div class=\"elementor-widget-container\">\n\t\t\t\t\t\t\t\t<div class=\"feature-box icon-text-style-2\">\n\t\t\t\t\t\t<div class=\"icon-text-style-wrapper\"><div class=\"elementor-icon\"><i aria-hidden=\"true\" class=\"line-icon-Mail-WithCursors\"><\/i><\/div><div class=\"feature-box-content\"><span class=\"title\"><a href=\"mailto:help@furniturehelp.lt\" class=\"title-link\">help@furniturehelp.lt<\/a><\/span><\/div><div class=\"content\"><span><p><span style=\"color: #000000\"><a style=\"color: #000000\" href=\"mailto:help@furniturehelp.lt\">Para\u0161ykite mums!<\/a><\/span><\/p><\/span><\/div><\/div>\n\t\t\t\t\t<\/div>\n\t\t\t\t\t\t\t<\/div>\n\t\t\t\t<\/div>\n\t\t\t\t\t<\/div>\n\t\t<\/div>\n\t\t\t\t\t\t\t<\/div>\n\t\t<\/section>\n\t\t\t\t<section class=\"elementor-section elementor-inner-section elementor-element elementor-element-6529d7d elementor-section-boxed elementor-section-height-default elementor-section-height-default\" data-id=\"6529d7d\" data-element_type=\"section\">\n\t\t\t\t\t\t<div class=\"elementor-container elementor-column-gap-default\">\n\t\t\t\t\t<div class=\"elementor-column elementor-col-100 elementor-inner-column elementor-element elementor-element-bfbfe6a\" data-fullscreen-column-settings=\"{&quot;fullscreen&quot;:&quot;&quot;}\" data-id=\"bfbfe6a\" data-element_type=\"column\">\n\t\t\t<div class=\"elementor-widget-wrap elementor-element-populated\">\n\t\t\t\t\t\t\t\t<div class=\"elementor-element elementor-element-aaa751f elementor-widget__width-auto elementor-widget elementor-widget-heading\" data-id=\"aaa751f\" data-element_type=\"widget\" data-widget_type=\"heading.default\">\n\t\t\t\t<div class=\"elementor-widget-container\">\n\t\t\t<h2 class=\"elementor-heading-title elementor-size-default\">Sekite mus:<\/h2>\t\t<\/div>\n\t\t\t\t<\/div>\n\t\t\t\t<div class=\"elementor-element elementor-element-ae24031 elementor-widget__width-auto elementor-widget elementor-widget-litho-social-icons\" data-id=\"ae24031\" data-element_type=\"widget\" data-widget_type=\"litho-social-icons.default\">\n\t\t\t\t<div class=\"elementor-widget-container\">\n\t\t\t\t\t\t\t<div class=\"social-icon-style-5 social-icons-wrapper\">\n\t\t\t\t\t<ul class=\"small-icon\">\n\t\t\t\t\t\t\t\t\t\t\t\t\t\t\t<li>\n\t\t\t\t\t\t\t\t\t\t<a href=\"https:\/\/www.facebook.com\/furniturehelp.lt\" class=\"elementor-icon elementor-social-icon elementor-social-icon-facebook-f elementor-repeater-item-bf8748b\" target=\"_blank\">\n\t\t\t\t\t\t\t\t\t\t\t\t\t\t\t\t\t\t\t\t\t\t\t<div class=\"social-back\"><span class=\"social-icon-follow-text\">FB<\/span><\/div>\n\t\t\t\t\t\t\t\t\t\t\t\t\t\t\t\t\t\t\t\t\t\t<div class=\"social-front\">\n\t\t\t\t\t\t\t\t\t\t\t\t<i class=\"fab fa-facebook-f\"><\/i>\t\t\t\t\t\t\t\t\t\t\t\t\t\t\t\t\t\t\t\t\t\t\t<\/div>\n\t\t\t\t\t\t\t\t\t\t<\/a>\n\t\t\t\t\t\t\t\t\t<\/li>\n\t\t\t\t\t\t\t\t\t\t\t\t\t\t\t\t\t\t<li>\n\t\t\t\t\t\t\t\t\t\t<a href=\"https:\/\/www.instagram.com\/furniturehelp.lt\/\" class=\"elementor-icon elementor-social-icon elementor-social-icon-instagram elementor-repeater-item-1230ba4\" target=\"_blank\">\n\t\t\t\t\t\t\t\t\t\t\t\t\t\t\t\t\t\t\t\t\t\t\t<div class=\"social-back\"><span class=\"social-icon-follow-text\">IG<\/span><\/div>\n\t\t\t\t\t\t\t\t\t\t\t\t\t\t\t\t\t\t\t\t\t\t<div class=\"social-front\">\n\t\t\t\t\t\t\t\t\t\t\t\t<i class=\"fab fa-instagram\"><\/i>\t\t\t\t\t\t\t\t\t\t\t\t\t\t\t\t\t\t\t\t\t\t\t<\/div>\n\t\t\t\t\t\t\t\t\t\t<\/a>\n\t\t\t\t\t\t\t\t\t<\/li>\n\t\t\t\t\t\t\t\t\t\t\t\t\t\t\t\t\t\t<li>\n\t\t\t\t\t\t\t\t\t\t<a href=\"https:\/\/www.linkedin.com\/company\/furniturehelp\/\" class=\"elementor-icon elementor-social-icon elementor-social-icon-linkedin-in elementor-repeater-item-77a629b\" target=\"_blank\">\n\t\t\t\t\t\t\t\t\t\t\t\t\t\t\t\t\t\t\t\t\t\t\t<div class=\"social-back\"><span class=\"social-icon-follow-text\">IN<\/span><\/div>\n\t\t\t\t\t\t\t\t\t\t\t\t\t\t\t\t\t\t\t\t\t\t<div class=\"social-front\">\n\t\t\t\t\t\t\t\t\t\t\t\t<i class=\"fab fa-linkedin-in\"><\/i>\t\t\t\t\t\t\t\t\t\t\t\t\t\t\t\t\t\t\t\t\t\t\t<\/div>\n\t\t\t\t\t\t\t\t\t\t<\/a>\n\t\t\t\t\t\t\t\t\t<\/li>\n\t\t\t\t\t\t\t\t\t\t\t\t\t\t<\/ul>\n\t\t\t\t<\/div>\n\t\t\t\t\t<\/div>\n\t\t\t\t<\/div>\n\t\t\t\t\t<\/div>\n\t\t<\/div>\n\t\t\t\t\t\t\t<\/div>\n\t\t<\/section>\n\t\t\t\t\t<\/div>\n\t\t<\/div>\n\t\t\t\t\t\t\t<\/div>\n\t\t<\/section>\n\t\t\t\t\t\t\t<\/div>","protected":false},"excerpt":{"rendered":"<p>Contacts We are here to help Furniture help, Mb We ready for tasks! +370 669 999 29 Call for us! help@furniturehelp.lt Write for us! Follow us: FB IG IN<\/p>","protected":false},"author":1,"featured_media":0,"parent":0,"menu_order":0,"comment_status":"closed","ping_status":"closed","template":"","meta":{"footnotes":""},"class_list":["post-76493","page","type-page","status-publish","hentry"],"yoast_head":"<!-- This site is optimized with the Yoast SEO plugin v20.2.1 - https:\/\/yoast.com\/wordpress\/plugins\/seo\/ -->\n<title>Contacts - Furniturehelp.lt<\/title>\n<meta name=\"description\" content=\"We are here to help. Our contacts: MB Furniture Help +370 669 999 29 help@furniturehelp.lt Keep in touch!\" \/>\n<meta name=\"robots\" content=\"index, follow, max-snippet:-1, max-image-preview:large, max-video-preview:-1\" \/>\n<link rel=\"canonical\" href=\"https:\/\/furniturehelp.lt\/lt\/contacts\/\" \/>\n<meta property=\"og:locale\" content=\"lt_LT\" \/>\n<meta property=\"og:type\" content=\"article\" \/>\n<meta property=\"og:title\" content=\"Contacts - Furniturehelp.lt\" \/>\n<meta property=\"og:description\" content=\"We are here to help. Our contacts: MB Furniture Help +370 669 999 29 help@furniturehelp.lt Keep in touch!\" \/>\n<meta property=\"og:url\" content=\"https:\/\/furniturehelp.lt\/lt\/contacts\/\" \/>\n<meta property=\"og:site_name\" content=\"Furniturehelp.lt\" \/>\n<meta property=\"article:publisher\" content=\"https:\/\/www.facebook.com\/furniturehelp.lt\" \/>\n<meta property=\"article:modified_time\" content=\"2023-03-11T09:52:48+00:00\" \/>\n<meta property=\"og:image\" content=\"https:\/\/furniturehelp.lt\/wp-content\/uploads\/Furniture-Help-2.jpg\" \/>\n\t<meta property=\"og:image:width\" content=\"2064\" \/>\n\t<meta property=\"og:image:height\" content=\"1378\" \/>\n\t<meta property=\"og:image:type\" content=\"image\/jpeg\" \/>\n<meta name=\"twitter:card\" content=\"summary_large_image\" \/>\n<meta name=\"twitter:label1\" content=\"Est. reading time\" \/>\n\t<meta name=\"twitter:data1\" content=\"1 minut\u0117\" \/>\n<script type=\"application\/ld+json\" class=\"yoast-schema-graph\">{\"@context\":\"https:\/\/schema.org\",\"@graph\":[{\"@type\":\"WebPage\",\"@id\":\"https:\/\/furniturehelp.lt\/contacts\/\",\"url\":\"https:\/\/furniturehelp.lt\/contacts\/\",\"name\":\"Contacts - Furniturehelp.lt\",\"isPartOf\":{\"@id\":\"https:\/\/furniturehelp.lt\/#website\"},\"datePublished\":\"2023-03-08T09:15:22+00:00\",\"dateModified\":\"2023-03-11T09:52:48+00:00\",\"description\":\"We are here to help. Our contacts: MB Furniture Help +370 669 999 29 help@furniturehelp.lt Keep in touch!\",\"breadcrumb\":{\"@id\":\"https:\/\/furniturehelp.lt\/contacts\/#breadcrumb\"},\"inLanguage\":\"lt-LT\",\"potentialAction\":[{\"@type\":\"ReadAction\",\"target\":[\"https:\/\/furniturehelp.lt\/contacts\/\"]}]},{\"@type\":\"BreadcrumbList\",\"@id\":\"https:\/\/furniturehelp.lt\/contacts\/#breadcrumb\",\"itemListElement\":[{\"@type\":\"ListItem\",\"position\":1,\"name\":\"Home\",\"item\":\"https:\/\/furniturehelp.lt\/lt\/\"},{\"@type\":\"ListItem\",\"position\":2,\"name\":\"Contacts\"}]},{\"@type\":\"WebSite\",\"@id\":\"https:\/\/furniturehelp.lt\/#website\",\"url\":\"https:\/\/furniturehelp.lt\/\",\"name\":\"Furniture help\",\"description\":\"Furniture help\",\"publisher\":{\"@id\":\"https:\/\/furniturehelp.lt\/#organization\"},\"potentialAction\":[{\"@type\":\"SearchAction\",\"target\":{\"@type\":\"EntryPoint\",\"urlTemplate\":\"https:\/\/furniturehelp.lt\/?s={search_term_string}\"},\"query-input\":\"required name=search_term_string\"}],\"inLanguage\":\"lt-LT\"},{\"@type\":\"Organization\",\"@id\":\"https:\/\/furniturehelp.lt\/#organization\",\"name\":\"Furniture help\",\"url\":\"https:\/\/furniturehelp.lt\/\",\"logo\":{\"@type\":\"ImageObject\",\"inLanguage\":\"lt-LT\",\"@id\":\"https:\/\/furniturehelp.lt\/#\/schema\/logo\/image\/\",\"url\":\"https:\/\/furniturehelp.lt\/wp-content\/uploads\/Furniture-logo.svg\",\"contentUrl\":\"https:\/\/furniturehelp.lt\/wp-content\/uploads\/Furniture-logo.svg\",\"width\":449,\"height\":185,\"caption\":\"Furniture help\"},\"image\":{\"@id\":\"https:\/\/furniturehelp.lt\/#\/schema\/logo\/image\/\"},\"sameAs\":[\"https:\/\/www.facebook.com\/furniturehelp.lt\",\"https:\/\/www.instagram.com\/furniturehelp.lt\/\",\"https:\/\/www.linkedin.com\/company\/furniturehelp\/\"]}]}<\/script>\n<!-- \/ Yoast SEO plugin. -->","yoast_head_json":{"title":"Contacts - Furniturehelp.lt","description":"We are here to help. Our contacts: MB Furniture Help +370 669 999 29 help@furniturehelp.lt Keep in touch!","robots":{"index":"index","follow":"follow","max-snippet":"max-snippet:-1","max-image-preview":"max-image-preview:large","max-video-preview":"max-video-preview:-1"},"canonical":"https:\/\/furniturehelp.lt\/lt\/contacts\/","og_locale":"lt_LT","og_type":"article","og_title":"Contacts - Furniturehelp.lt","og_description":"We are here to help. Our contacts: MB Furniture Help +370 669 999 29 help@furniturehelp.lt Keep in touch!","og_url":"https:\/\/furniturehelp.lt\/lt\/contacts\/","og_site_name":"Furniturehelp.lt","article_publisher":"https:\/\/www.facebook.com\/furniturehelp.lt","article_modified_time":"2023-03-11T09:52:48+00:00","og_image":[{"width":2064,"height":1378,"url":"https:\/\/furniturehelp.lt\/wp-content\/uploads\/Furniture-Help-2.jpg","type":"image\/jpeg"}],"twitter_card":"summary_large_image","twitter_misc":{"Est. reading time":"1 minut\u0117"},"schema":{"@context":"https:\/\/schema.org","@graph":[{"@type":"WebPage","@id":"https:\/\/furniturehelp.lt\/contacts\/","url":"https:\/\/furniturehelp.lt\/contacts\/","name":"Contacts - Furniturehelp.lt","isPartOf":{"@id":"https:\/\/furniturehelp.lt\/#website"},"datePublished":"2023-03-08T09:15:22+00:00","dateModified":"2023-03-11T09:52:48+00:00","description":"We are here to help. Our contacts: MB Furniture Help +370 669 999 29 help@furniturehelp.lt Keep in touch!","breadcrumb":{"@id":"https:\/\/furniturehelp.lt\/contacts\/#breadcrumb"},"inLanguage":"lt-LT","potentialAction":[{"@type":"ReadAction","target":["https:\/\/furniturehelp.lt\/contacts\/"]}]},{"@type":"BreadcrumbList","@id":"https:\/\/furniturehelp.lt\/contacts\/#breadcrumb","itemListElement":[{"@type":"ListItem","position":1,"name":"Home","item":"https:\/\/furniturehelp.lt\/lt\/"},{"@type":"ListItem","position":2,"name":"Contacts"}]},{"@type":"WebSite","@id":"https:\/\/furniturehelp.lt\/#website","url":"https:\/\/furniturehelp.lt\/","name":"Furniture help","description":"Furniture help","publisher":{"@id":"https:\/\/furniturehelp.lt\/#organization"},"potentialAction":[{"@type":"SearchAction","target":{"@type":"EntryPoint","urlTemplate":"https:\/\/furniturehelp.lt\/?s={search_term_string}"},"query-input":"required name=search_term_string"}],"inLanguage":"lt-LT"},{"@type":"Organization","@id":"https:\/\/furniturehelp.lt\/#organization","name":"Furniture help","url":"https:\/\/furniturehelp.lt\/","logo":{"@type":"ImageObject","inLanguage":"lt-LT","@id":"https:\/\/furniturehelp.lt\/#\/schema\/logo\/image\/","url":"https:\/\/furniturehelp.lt\/wp-content\/uploads\/Furniture-logo.svg","contentUrl":"https:\/\/furniturehelp.lt\/wp-content\/uploads\/Furniture-logo.svg","width":449,"height":185,"caption":"Furniture help"},"image":{"@id":"https:\/\/furniturehelp.lt\/#\/schema\/logo\/image\/"},"sameAs":["https:\/\/www.facebook.com\/furniturehelp.lt","https:\/\/www.instagram.com\/furniturehelp.lt\/","https:\/\/www.linkedin.com\/company\/furniturehelp\/"]}]}},"_links":{"self":[{"href":"https:\/\/furniturehelp.lt\/lt\/wp-json\/wp\/v2\/pages\/76493","targetHints":{"allow":["GET"]}}],"collection":[{"href":"https:\/\/furniturehelp.lt\/lt\/wp-json\/wp\/v2\/pages"}],"about":[{"href":"https:\/\/furniturehelp.lt\/lt\/wp-json\/wp\/v2\/types\/page"}],"author":[{"embeddable":true,"href":"https:\/\/furniturehelp.lt\/lt\/wp-json\/wp\/v2\/users\/1"}],"replies":[{"embeddable":true,"href":"https:\/\/furniturehelp.lt\/lt\/wp-json\/wp\/v2\/comments?post=76493"}],"version-history":[{"count":60,"href":"https:\/\/furniturehelp.lt\/lt\/wp-json\/wp\/v2\/pages\/76493\/revisions"}],"predecessor-version":[{"id":76681,"href":"https:\/\/furniturehelp.lt\/lt\/wp-json\/wp\/v2\/pages\/76493\/revisions\/76681"}],"wp:attachment":[{"href":"https:\/\/furniturehelp.lt\/lt\/wp-json\/wp\/v2\/media?parent=76493"}],"curies":[{"name":"wp","href":"https:\/\/api.w.org\/{rel}","templated":true}]}}