{"id":76557,"date":"2023-03-09T08:22:42","date_gmt":"2023-03-09T06:22:42","guid":{"rendered":"https:\/\/furniturehelp.lt\/?page_id=76557"},"modified":"2023-03-11T10:54:40","modified_gmt":"2023-03-11T08:54:40","slug":"about-us","status":"publish","type":"page","link":"https:\/\/furniturehelp.lt\/lt\/about-us\/","title":{"rendered":"Apie"},"content":{"rendered":"<div data-elementor-type=\"wp-page\" data-elementor-id=\"76557\" class=\"elementor elementor-76557\">\n\t\t\t\t\t\t\t\t\t<section class=\"elementor-section elementor-top-section elementor-element elementor-element-6e3a266 elementor-section-boxed elementor-section-height-default elementor-section-height-default\" data-id=\"6e3a266\" data-element_type=\"section\" data-settings=\"{&quot;background_background&quot;:&quot;classic&quot;}\">\n\t\t\t\t\t\t<div class=\"elementor-container elementor-column-gap-default\">\n\t\t\t\t\t<div class=\"elementor-column elementor-col-100 elementor-top-column elementor-element elementor-element-7f65c3a\" data-fullscreen-column-settings=\"{&quot;fullscreen&quot;:&quot;&quot;}\" data-id=\"7f65c3a\" data-element_type=\"column\">\n\t\t\t<div class=\"elementor-widget-wrap elementor-element-populated\">\n\t\t\t\t\t\t\t\t<div class=\"elementor-element elementor-element-9251ec2 elementor-widget elementor-widget-heading\" data-id=\"9251ec2\" data-element_type=\"widget\" data-widget_type=\"heading.default\">\n\t\t\t\t<div class=\"elementor-widget-container\">\n\t\t\t<style>\/*! elementor - v3.8.1 - 13-11-2022 *\/\n.elementor-heading-title{padding:0;margin:0;line-height:1}.elementor-widget-heading .elementor-heading-title[class*=elementor-size-]>a{color:inherit;font-size:inherit;line-height:inherit}.elementor-widget-heading .elementor-heading-title.elementor-size-small{font-size:15px}.elementor-widget-heading .elementor-heading-title.elementor-size-medium{font-size:19px}.elementor-widget-heading .elementor-heading-title.elementor-size-large{font-size:29px}.elementor-widget-heading .elementor-heading-title.elementor-size-xl{font-size:39px}.elementor-widget-heading .elementor-heading-title.elementor-size-xxl{font-size:59px}<\/style><h1 class=\"elementor-heading-title elementor-size-default\">Apie<\/h1>\t\t<\/div>\n\t\t\t\t<\/div>\n\t\t\t\t<section class=\"elementor-section elementor-inner-section elementor-element elementor-element-6529d7d elementor-section-boxed elementor-section-height-default elementor-section-height-default\" data-id=\"6529d7d\" data-element_type=\"section\">\n\t\t\t\t\t\t<div class=\"elementor-container elementor-column-gap-default\">\n\t\t\t\t\t<div class=\"elementor-column elementor-col-100 elementor-inner-column elementor-element elementor-element-49643b8\" data-fullscreen-column-settings=\"{&quot;fullscreen&quot;:&quot;&quot;}\" data-id=\"49643b8\" data-element_type=\"column\">\n\t\t\t<div class=\"elementor-widget-wrap elementor-element-populated\">\n\t\t\t\t\t\t\t\t<div class=\"elementor-element elementor-element-8a63e67 elementor-widget elementor-widget-heading\" data-id=\"8a63e67\" data-element_type=\"widget\" data-widget_type=\"heading.default\">\n\t\t\t\t<div class=\"elementor-widget-container\">\n\t\t\t<h2 class=\"elementor-heading-title elementor-size-default\">Kas mes esame?<\/h2>\t\t<\/div>\n\t\t\t\t<\/div>\n\t\t\t\t<div class=\"elementor-element elementor-element-3ab8f13 elementor-widget elementor-widget-text-editor\" data-id=\"3ab8f13\" data-element_type=\"widget\" data-widget_type=\"text-editor.default\">\n\t\t\t\t<div class=\"elementor-widget-container\">\n\t\t\t<style>\/*! elementor - v3.8.1 - 13-11-2022 *\/\n.elementor-widget-text-editor.elementor-drop-cap-view-stacked .elementor-drop-cap{background-color:#818a91;color:#fff}.elementor-widget-text-editor.elementor-drop-cap-view-framed .elementor-drop-cap{color:#818a91;border:3px solid;background-color:transparent}.elementor-widget-text-editor:not(.elementor-drop-cap-view-default) .elementor-drop-cap{margin-top:8px}.elementor-widget-text-editor:not(.elementor-drop-cap-view-default) .elementor-drop-cap-letter{width:1em;height:1em}.elementor-widget-text-editor .elementor-drop-cap{float:left;text-align:center;line-height:1;font-size:50px}.elementor-widget-text-editor .elementor-drop-cap-letter{display:inline-block}<\/style>\t\t\t\t<p>M\u016bs\u0173 istorija prasid\u0117jo nuo paprastos problemos (juk geriausios id\u0117jos da\u017enai kyla b\u016btent tokiose situacijose, tiesa?). Susid\u016brus su bald\u0173 u\u017esakymais namams, tiek\u0117jai atsisakydavo projekt\u0173, nes jie buvo \u201ene\u012fmanomi\u201c arba tod\u0117l, kad \u201eniekas taip nedaro\u201c. Be to, opi pristatymo termin\u0173 problema \u2013 laukti paprast\u0173 virtuv\u0117s bald\u0173 ar paprastos spintos reik\u0117davo nuo 3 iki 6 m\u0117nesi\u0173. Remdamiesi savo patirtimi dideliuose bald\u0173 projektuose, mes pritaik\u0117me savo \u017einias ir d\u0117mes\u012f sutelk\u0117me \u012f nam\u0173 rink\u0105. Mes pavert\u0117me nam\u0173 baldus projektais, prad\u0117jome visi\u0161kai kitok\u012f gamybos ir \u012fgyvendinimo proces\u0105 \u2013 inovatyv\u0173, greit\u0105 ir auk\u0161tos kokyb\u0117s.<\/p>\t\t\t\t\t\t<\/div>\n\t\t\t\t<\/div>\n\t\t\t\t\t<\/div>\n\t\t<\/div>\n\t\t\t\t\t\t\t<\/div>\n\t\t<\/section>\n\t\t\t\t<section class=\"elementor-section elementor-inner-section elementor-element elementor-element-3e9a8cd elementor-section-boxed elementor-section-height-default elementor-section-height-default\" data-id=\"3e9a8cd\" data-element_type=\"section\">\n\t\t\t\t\t\t<div class=\"elementor-container elementor-column-gap-default\">\n\t\t\t\t\t<div class=\"elementor-column elementor-col-100 elementor-inner-column elementor-element elementor-element-1ed31d5\" data-fullscreen-column-settings=\"{&quot;fullscreen&quot;:&quot;&quot;}\" data-id=\"1ed31d5\" data-element_type=\"column\">\n\t\t\t<div class=\"elementor-widget-wrap elementor-element-populated\">\n\t\t\t\t\t\t\t\t<div class=\"elementor-element elementor-element-91aa405 elementor-widget elementor-widget-heading\" data-id=\"91aa405\" data-element_type=\"widget\" data-widget_type=\"heading.default\">\n\t\t\t\t<div class=\"elementor-widget-container\">\n\t\t\t<h2 class=\"elementor-heading-title elementor-size-default\">K\u0105 mes darome?<\/h2>\t\t<\/div>\n\t\t\t\t<\/div>\n\t\t\t\t<div class=\"elementor-element elementor-element-1ace4e5 elementor-widget elementor-widget-text-editor\" data-id=\"1ace4e5\" data-element_type=\"widget\" data-widget_type=\"text-editor.default\">\n\t\t\t\t<div class=\"elementor-widget-container\">\n\t\t\t\t\t\t\t<p>Mes turime daugiau nei 15 met\u0173 patirt\u012f bald\u0173 gamybos ir projekt\u0173 valdymo srityje biurams, restoranams, vie\u0161bu\u010diams, privatiems namams ir butams. Dabar m\u016bs\u0173 pagrindin\u0117 misija \u2013 bald\u0173 gamyba gyvenamiesiems namams ir butams. Mes sprend\u017eiame visus projektus i\u0161 esm\u0117s, neapsiribodami tik atskir\u0173 bald\u0173 gamyba. Norime, kad \u201eFurniture help\u201c tapt\u0173 pirmuoju kontaktu \u017emon\u0117ms visais nam\u0173 \u012frengimo klausimais \u2013 nuo bald\u0173 gamybos iki buitin\u0117s technikos, santechnikos ir ap\u0161vietimo sprendim\u0173 parinkimo. Patyr\u0119 projekt\u0173 vadovai ir gamintojai susivienijo tam, kad sukurt\u0173 geriausi\u0105 \u012fmanom\u0105 patirt\u012f savo klientams.<\/p>\t\t\t\t\t\t<\/div>\n\t\t\t\t<\/div>\n\t\t\t\t\t<\/div>\n\t\t<\/div>\n\t\t\t\t\t\t\t<\/div>\n\t\t<\/section>\n\t\t\t\t<section class=\"elementor-section elementor-inner-section elementor-element elementor-element-2889050 elementor-section-boxed elementor-section-height-default elementor-section-height-default\" data-id=\"2889050\" data-element_type=\"section\">\n\t\t\t\t\t\t<div class=\"elementor-container elementor-column-gap-default\">\n\t\t\t\t\t<div class=\"elementor-column elementor-col-100 elementor-inner-column elementor-element elementor-element-de8736b\" data-fullscreen-column-settings=\"{&quot;fullscreen&quot;:&quot;&quot;}\" data-id=\"de8736b\" data-element_type=\"column\">\n\t\t\t<div class=\"elementor-widget-wrap elementor-element-populated\">\n\t\t\t\t\t\t\t\t<div class=\"elementor-element elementor-element-5f00d95 elementor-widget elementor-widget-heading\" data-id=\"5f00d95\" data-element_type=\"widget\" data-widget_type=\"heading.default\">\n\t\t\t\t<div class=\"elementor-widget-container\">\n\t\t\t<h2 class=\"elementor-heading-title elementor-size-default\">Kod\u0117l mes tai darome?<\/h2>\t\t<\/div>\n\t\t\t\t<\/div>\n\t\t\t\t<div class=\"elementor-element elementor-element-301d1b6 elementor-widget elementor-widget-text-editor\" data-id=\"301d1b6\" data-element_type=\"widget\" data-widget_type=\"text-editor.default\">\n\t\t\t\t<div class=\"elementor-widget-container\">\n\t\t\t\t\t\t\t<p>Modern\u016bs baldai turi b\u016bti ne tik gra\u017e\u016bs \u2013 bald\u0173 dizaineriai vis labiau remiasi in\u017eineriniais ir technologiniais sprendimais, kurie daro gaminius funkcionalesnius. M\u016bs\u0173 tikslas \u2013 kurti gaminius, kurie jums patiks. Tobula sinergija tarp kliento ir gamintojo, kuriant svajoni\u0173 namus. Pamir\u0161kite ilgus pristatymo terminus \u2013 mes siekiame, kad gal\u0117tum\u0117te kuo grei\u010diau \u012fsikurti savo naujuose namuose. Kadangi kiekviena akimirka, praleista kuriant jaukius namus ir puosel\u0117jant santykius su artimaisiais, yra labai svarbi, mes norime, kad nam\u0173 \u012frengimo r\u016bpes\u010dius patik\u0117tum\u0117te mums. Jums tereik\u0117s susitelkti \u012f kasdienius i\u0161\u0161\u016bkius su nauja energija ir \u012fkv\u0117pimu, nesir\u016bpinant bald\u0173 gamyba, buitin\u0117s technikos ar ap\u0161vietimo pasirinkimais. \u201eFurniturehelp\u201c buvo \u012fkurta tam, kad pad\u0117t\u0173 \u017emon\u0117ms ne tik sutaupyti laiko ir pinig\u0173, bet ir sukurti namus, kuriuose gera gyventi.<\/p>\t\t\t\t\t\t<\/div>\n\t\t\t\t<\/div>\n\t\t\t\t\t<\/div>\n\t\t<\/div>\n\t\t\t\t\t\t\t<\/div>\n\t\t<\/section>\n\t\t\t\t\t<\/div>\n\t\t<\/div>\n\t\t\t\t\t\t\t<\/div>\n\t\t<\/section>\n\t\t\t\t\t\t\t<\/div>","protected":false},"excerpt":{"rendered":"<p>About us What are we? Our story began with a simple problem (after all, the best ideas often come from such situations, right?). Faced with furniture orders for homes, suppliers would refuse projects because they were &#8220;impossible&#8221; or because &#8220;nobody does it that way&#8221;. Moreover, the painful question of lead times &#8211; waiting for a [&hellip;]<\/p>","protected":false},"author":1,"featured_media":0,"parent":0,"menu_order":0,"comment_status":"closed","ping_status":"closed","template":"","meta":{"footnotes":""},"class_list":["post-76557","page","type-page","status-publish","hentry"],"yoast_head":"<!-- This site is optimized with the Yoast SEO plugin v20.2.1 - https:\/\/yoast.com\/wordpress\/plugins\/seo\/ -->\n<title>About us - Furniturehelp.lt<\/title>\n<meta name=\"description\" content=\"We turned home furniture into projects, starting an entirely different production and implementation process. Innovative, fast, high-quality.\" \/>\n<meta name=\"robots\" content=\"index, follow, max-snippet:-1, max-image-preview:large, max-video-preview:-1\" \/>\n<link rel=\"canonical\" href=\"https:\/\/furniturehelp.lt\/lt\/about-us\/\" \/>\n<meta property=\"og:locale\" content=\"lt_LT\" \/>\n<meta property=\"og:type\" content=\"article\" \/>\n<meta property=\"og:title\" content=\"About us - Furniturehelp.lt\" \/>\n<meta property=\"og:description\" content=\"We turned home furniture into projects, starting an entirely different production and implementation process. Innovative, fast, high-quality.\" \/>\n<meta property=\"og:url\" content=\"https:\/\/furniturehelp.lt\/lt\/about-us\/\" \/>\n<meta property=\"og:site_name\" content=\"Furniturehelp.lt\" \/>\n<meta property=\"article:publisher\" content=\"https:\/\/www.facebook.com\/furniturehelp.lt\" \/>\n<meta property=\"article:modified_time\" content=\"2023-03-11T08:54:40+00:00\" \/>\n<meta property=\"og:image\" content=\"https:\/\/furniturehelp.lt\/wp-content\/uploads\/Furniture-Help-2.jpg\" \/>\n\t<meta property=\"og:image:width\" content=\"2064\" \/>\n\t<meta property=\"og:image:height\" content=\"1378\" \/>\n\t<meta property=\"og:image:type\" content=\"image\/jpeg\" \/>\n<meta name=\"twitter:card\" content=\"summary_large_image\" \/>\n<meta name=\"twitter:label1\" content=\"Est. reading time\" \/>\n\t<meta name=\"twitter:data1\" content=\"2 minut\u0117s\" \/>\n<script type=\"application\/ld+json\" class=\"yoast-schema-graph\">{\"@context\":\"https:\/\/schema.org\",\"@graph\":[{\"@type\":\"WebPage\",\"@id\":\"https:\/\/furniturehelp.lt\/about-us\/\",\"url\":\"https:\/\/furniturehelp.lt\/about-us\/\",\"name\":\"About us - Furniturehelp.lt\",\"isPartOf\":{\"@id\":\"https:\/\/furniturehelp.lt\/#website\"},\"datePublished\":\"2023-03-09T06:22:42+00:00\",\"dateModified\":\"2023-03-11T08:54:40+00:00\",\"description\":\"We turned home furniture into projects, starting an entirely different production and implementation process. Innovative, fast, high-quality.\",\"breadcrumb\":{\"@id\":\"https:\/\/furniturehelp.lt\/about-us\/#breadcrumb\"},\"inLanguage\":\"lt-LT\",\"potentialAction\":[{\"@type\":\"ReadAction\",\"target\":[\"https:\/\/furniturehelp.lt\/about-us\/\"]}]},{\"@type\":\"BreadcrumbList\",\"@id\":\"https:\/\/furniturehelp.lt\/about-us\/#breadcrumb\",\"itemListElement\":[{\"@type\":\"ListItem\",\"position\":1,\"name\":\"Home\",\"item\":\"https:\/\/furniturehelp.lt\/lt\/\"},{\"@type\":\"ListItem\",\"position\":2,\"name\":\"About us\"}]},{\"@type\":\"WebSite\",\"@id\":\"https:\/\/furniturehelp.lt\/#website\",\"url\":\"https:\/\/furniturehelp.lt\/\",\"name\":\"Furniture help\",\"description\":\"Furniture help\",\"publisher\":{\"@id\":\"https:\/\/furniturehelp.lt\/#organization\"},\"potentialAction\":[{\"@type\":\"SearchAction\",\"target\":{\"@type\":\"EntryPoint\",\"urlTemplate\":\"https:\/\/furniturehelp.lt\/?s={search_term_string}\"},\"query-input\":\"required name=search_term_string\"}],\"inLanguage\":\"lt-LT\"},{\"@type\":\"Organization\",\"@id\":\"https:\/\/furniturehelp.lt\/#organization\",\"name\":\"Furniture help\",\"url\":\"https:\/\/furniturehelp.lt\/\",\"logo\":{\"@type\":\"ImageObject\",\"inLanguage\":\"lt-LT\",\"@id\":\"https:\/\/furniturehelp.lt\/#\/schema\/logo\/image\/\",\"url\":\"https:\/\/furniturehelp.lt\/wp-content\/uploads\/Furniture-logo.svg\",\"contentUrl\":\"https:\/\/furniturehelp.lt\/wp-content\/uploads\/Furniture-logo.svg\",\"width\":449,\"height\":185,\"caption\":\"Furniture help\"},\"image\":{\"@id\":\"https:\/\/furniturehelp.lt\/#\/schema\/logo\/image\/\"},\"sameAs\":[\"https:\/\/www.facebook.com\/furniturehelp.lt\",\"https:\/\/www.instagram.com\/furniturehelp.lt\/\",\"https:\/\/www.linkedin.com\/company\/furniturehelp\/\"]}]}<\/script>\n<!-- \/ Yoast SEO plugin. -->","yoast_head_json":{"title":"About us - Furniturehelp.lt","description":"We turned home furniture into projects, starting an entirely different production and implementation process. Innovative, fast, high-quality.","robots":{"index":"index","follow":"follow","max-snippet":"max-snippet:-1","max-image-preview":"max-image-preview:large","max-video-preview":"max-video-preview:-1"},"canonical":"https:\/\/furniturehelp.lt\/lt\/about-us\/","og_locale":"lt_LT","og_type":"article","og_title":"About us - Furniturehelp.lt","og_description":"We turned home furniture into projects, starting an entirely different production and implementation process. Innovative, fast, high-quality.","og_url":"https:\/\/furniturehelp.lt\/lt\/about-us\/","og_site_name":"Furniturehelp.lt","article_publisher":"https:\/\/www.facebook.com\/furniturehelp.lt","article_modified_time":"2023-03-11T08:54:40+00:00","og_image":[{"width":2064,"height":1378,"url":"https:\/\/furniturehelp.lt\/wp-content\/uploads\/Furniture-Help-2.jpg","type":"image\/jpeg"}],"twitter_card":"summary_large_image","twitter_misc":{"Est. reading time":"2 minut\u0117s"},"schema":{"@context":"https:\/\/schema.org","@graph":[{"@type":"WebPage","@id":"https:\/\/furniturehelp.lt\/about-us\/","url":"https:\/\/furniturehelp.lt\/about-us\/","name":"About us - Furniturehelp.lt","isPartOf":{"@id":"https:\/\/furniturehelp.lt\/#website"},"datePublished":"2023-03-09T06:22:42+00:00","dateModified":"2023-03-11T08:54:40+00:00","description":"We turned home furniture into projects, starting an entirely different production and implementation process. Innovative, fast, high-quality.","breadcrumb":{"@id":"https:\/\/furniturehelp.lt\/about-us\/#breadcrumb"},"inLanguage":"lt-LT","potentialAction":[{"@type":"ReadAction","target":["https:\/\/furniturehelp.lt\/about-us\/"]}]},{"@type":"BreadcrumbList","@id":"https:\/\/furniturehelp.lt\/about-us\/#breadcrumb","itemListElement":[{"@type":"ListItem","position":1,"name":"Home","item":"https:\/\/furniturehelp.lt\/lt\/"},{"@type":"ListItem","position":2,"name":"About us"}]},{"@type":"WebSite","@id":"https:\/\/furniturehelp.lt\/#website","url":"https:\/\/furniturehelp.lt\/","name":"Furniture help","description":"Furniture help","publisher":{"@id":"https:\/\/furniturehelp.lt\/#organization"},"potentialAction":[{"@type":"SearchAction","target":{"@type":"EntryPoint","urlTemplate":"https:\/\/furniturehelp.lt\/?s={search_term_string}"},"query-input":"required name=search_term_string"}],"inLanguage":"lt-LT"},{"@type":"Organization","@id":"https:\/\/furniturehelp.lt\/#organization","name":"Furniture help","url":"https:\/\/furniturehelp.lt\/","logo":{"@type":"ImageObject","inLanguage":"lt-LT","@id":"https:\/\/furniturehelp.lt\/#\/schema\/logo\/image\/","url":"https:\/\/furniturehelp.lt\/wp-content\/uploads\/Furniture-logo.svg","contentUrl":"https:\/\/furniturehelp.lt\/wp-content\/uploads\/Furniture-logo.svg","width":449,"height":185,"caption":"Furniture help"},"image":{"@id":"https:\/\/furniturehelp.lt\/#\/schema\/logo\/image\/"},"sameAs":["https:\/\/www.facebook.com\/furniturehelp.lt","https:\/\/www.instagram.com\/furniturehelp.lt\/","https:\/\/www.linkedin.com\/company\/furniturehelp\/"]}]}},"_links":{"self":[{"href":"https:\/\/furniturehelp.lt\/lt\/wp-json\/wp\/v2\/pages\/76557","targetHints":{"allow":["GET"]}}],"collection":[{"href":"https:\/\/furniturehelp.lt\/lt\/wp-json\/wp\/v2\/pages"}],"about":[{"href":"https:\/\/furniturehelp.lt\/lt\/wp-json\/wp\/v2\/types\/page"}],"author":[{"embeddable":true,"href":"https:\/\/furniturehelp.lt\/lt\/wp-json\/wp\/v2\/users\/1"}],"replies":[{"embeddable":true,"href":"https:\/\/furniturehelp.lt\/lt\/wp-json\/wp\/v2\/comments?post=76557"}],"version-history":[{"count":11,"href":"https:\/\/furniturehelp.lt\/lt\/wp-json\/wp\/v2\/pages\/76557\/revisions"}],"predecessor-version":[{"id":76638,"href":"https:\/\/furniturehelp.lt\/lt\/wp-json\/wp\/v2\/pages\/76557\/revisions\/76638"}],"wp:attachment":[{"href":"https:\/\/furniturehelp.lt\/lt\/wp-json\/wp\/v2\/media?parent=76557"}],"curies":[{"name":"wp","href":"https:\/\/api.w.org\/{rel}","templated":true}]}}